{"id":189,"date":"2015-07-19T15:17:45","date_gmt":"2015-07-19T18:17:45","guid":{"rendered":"http:\/\/www.ecolenaturerecherche.org\/?page_id=189"},"modified":"2015-07-20T09:44:21","modified_gmt":"2015-07-20T12:44:21","slug":"latelier-du-design-et-la-fab-lab","status":"publish","type":"page","link":"http:\/\/www.ecolenaturerecherche.org\/?page_id=189","title":{"rendered":"L\u2019atelier du design et la fab-lab"},"content":{"rendered":"<p>Les \u00e9tudiants, les professeurs, les membres de l\u2019ENR, en collaboration avec l\u2019Universit\u00e9 de Paris I, avec des artistes, des designers et des programmeurs en informatique, animeront un atelier artistique exp\u00e9rimental et une petite fab-lab, largement ouverts au public. L\u2019atelier artistique met la nature et les animaux au c\u0153ur de la r\u00e9flexion visant \u00e0 la cr\u00e9ation d\u2019objets qui am\u00e9liorent le bien\u00eatre animal et l\u2019interaction homme\/animal. L\u2019atelier veut aussi impulser un nouveau design, respectueux de l\u2019environnement.<\/p>\n<p>&nbsp;<\/p>\n<p>LA FAB-LAB<\/p>\n<p>Une fab-lab est un espace ouvert au public, qui dispose d\u2019outils \u00e0 contr\u00f4le num\u00e9rique permettant de travailler le bois et les mati\u00e8res plastiques, il s\u2019agit d\u2019un laboratoire d\u2019\u00e9lectronique appliqu\u00e9e et d\u2019un petit atelier.<br \/>\nCet espace permet la r\u00e9alisation de prototypes et d\u2019instruments n\u00e9cessaires aux chercheurs et \u00e9tudiants de l\u2019ENR.<br \/>\nDans le cadre de la collaboration avec le Lyc\u00e9e Monnerville de Kourou, \u00e0 la rentr\u00e9e 2015, une fab-lab anim\u00e9e par les chercheurs de l\u2019ENR int\u00e9grera le projet annuel des \u00e9l\u00e8ves de terminale technique au programme de philosophie, notamment pour traiter la partie du programme relative aux notions de raison, sciences, technique, travail, art, \u00e9changes, soci\u00e9t\u00e9<br \/>\nDans le but d\u2019explorer la relation homme\/animal les \u00e9l\u00e8ves seront men\u00e9s \u00e0 concevoir un robot interactif, un jouet stimulant les r\u00e9actions des animaux domestiques, notamment chiens et chats, qui seront film\u00e9s en absence de leurs ma\u00eetres et seront dot\u00e9s d\u2019un syst\u00e8me d\u2019alarme par SMS, qui se d\u00e9clenchera en certaines circonstances d\u00e9termin\u00e9es, constituant ainsi une sorte d\u2019alarme.<br \/>\nLe premier projet retenu apportera \u00e0 un robot d\u00e9j\u00e0 existant les modifications d\u00e9cid\u00e9es en concertation entre les professeurs et les \u00e9l\u00e8ves<\/p>\n","protected":false},"excerpt":{"rendered":"<p>Les \u00e9tudiants, les professeurs, les membres de l\u2019ENR, en collaboration avec l\u2019Universit\u00e9 de Paris I, avec des artistes, des designers et des programmeurs en informatique, animeront un atelier artistique exp\u00e9rimental et une petite fab-lab, largement ouverts au public. L\u2019atelier artistique met la nature et les animaux au c\u0153ur de la r\u00e9flexion visant \u00e0 la cr\u00e9ation [&hellip;]<\/p>\n","protected":false},"author":2,"featured_media":0,"parent":0,"menu_order":0,"comment_status":"closed","ping_status":"closed","template":"","meta":{"_bbp_topic_count":0,"_bbp_reply_count":0,"_bbp_total_topic_count":0,"_bbp_total_reply_count":0,"_bbp_voice_count":0,"_bbp_anonymous_reply_count":0,"_bbp_topic_count_hidden":0,"_bbp_reply_count_hidden":0,"_bbp_forum_subforum_count":0},"_links":{"self":[{"href":"http:\/\/www.ecolenaturerecherche.org\/index.php?rest_route=\/wp\/v2\/pages\/189"}],"collection":[{"href":"http:\/\/www.ecolenaturerecherche.org\/index.php?rest_route=\/wp\/v2\/pages"}],"about":[{"href":"http:\/\/www.ecolenaturerecherche.org\/index.php?rest_route=\/wp\/v2\/types\/page"}],"author":[{"embeddable":true,"href":"http:\/\/www.ecolenaturerecherche.org\/index.php?rest_route=\/wp\/v2\/users\/2"}],"replies":[{"embeddable":true,"href":"http:\/\/www.ecolenaturerecherche.org\/index.php?rest_route=%2Fwp%2Fv2%2Fcomments&post=189"}],"version-history":[{"count":2,"href":"http:\/\/www.ecolenaturerecherche.org\/index.php?rest_route=\/wp\/v2\/pages\/189\/revisions"}],"predecessor-version":[{"id":194,"href":"http:\/\/www.ecolenaturerecherche.org\/index.php?rest_route=\/wp\/v2\/pages\/189\/revisions\/194"}],"wp:attachment":[{"href":"http:\/\/www.ecolenaturerecherche.org\/index.php?rest_route=%2Fwp%2Fv2%2Fmedia&parent=189"}],"curies":[{"name":"wp","href":"https:\/\/api.w.org\/{rel}","templated":true}]}}